{"id":247,"date":"2015-01-29T17:22:38","date_gmt":"2015-01-29T16:22:38","guid":{"rendered":"https:\/\/www.hotelnautilus.com\/family-hotel-riccione-2\/"},"modified":"2015-03-18T12:08:34","modified_gmt":"2015-03-18T11:08:34","slug":"family-hotel-riccione","status":"publish","type":"page","link":"https:\/\/www.hotelnautilus.com\/fr\/family-hotel-riccione\/","title":{"rendered":"Family Hotel Riccione"},"content":{"rendered":"<p><a href=\"https:\/\/www.hotelnautilus.com\/wp-content\/uploads\/2015\/01\/bimbi-riccione.jpg\"><img loading=\"lazy\" decoding=\"async\" class=\"alignleft  wp-image-223\" src=\"https:\/\/www.hotelnautilus.com\/wp-content\/uploads\/2015\/01\/bimbi-riccione.jpg\" alt=\"bimbi-riccione\" width=\"243\" height=\"243\" srcset=\"https:\/\/www.hotelnautilus.com\/wp-content\/uploads\/2015\/01\/bimbi-riccione.jpg 700w, https:\/\/www.hotelnautilus.com\/wp-content\/uploads\/2015\/01\/bimbi-riccione-150x150.jpg 150w\" sizes=\"auto, (max-width: 243px) 100vw, 243px\" \/><\/a>Des vacances pour la famille signifie avoir le temps d\u2019\u00eatre ensemble, de jouer avec les enfants, de faire des excursions et promenades et de faire du v\u00e9lo. Car si les enfants sont contents, les parents sont satisfaits.<\/p>\n<p>La plage de Riccione est id\u00e9ale pour la famille qui souhaite passer ses vacances dans la s\u00e9r\u00e9nit\u00e9 et l\u2019all\u00e9gresse : propre, tr\u00e8s bien \u00e9quip\u00e9e, toujours bien surveill\u00e9e par des plagistes \u2013 ma\u00eetres nageurs, elle descend doucement dans les eaux limpides de l\u2019Adriatique, offrant la s\u00e9curit\u00e9 d&rsquo;une rive peu profonde aux enfants\u2026 et aux adultes qui ont un peu peur de l\u2019eau.<\/p>\n<p>Le divertissement continue \u00e0 l\u2019h\u00f4tel Antibes o\u00f9 nous organisons, uniquement pour les plus jeunes, des f\u00eates l\u2019apr\u00e8s-midi, des cours de natation et des jeux dans la piscine. Pour ne pas parler de la salle Play Station: un coin qui leur est r\u00e9serv\u00e9.<\/p>\n<table style=\"height: 128px;\" width=\"775\">\n<tbody>\n<tr>\n<td>\n<h3>Servizi dedicati ai nostri piccoli ospiti:<\/h3>\n<ul>\n<li>Play station,<\/li>\n<li>Culle,<\/li>\n<li>Seggioloni,<\/li>\n<li>Posateria,<\/li>\n<li>Baby sitter a richiesta.<\/li>\n<\/ul>\n<h3>In piscina:<\/h3>\n<ul>\n<li>Corsi di nuoto e giochi<\/li>\n<\/ul>\n<\/td>\n<td>\n<h3>Ristorante:<\/h3>\n<ul>\n<li>men\u00f9 e orari speciali,<\/li>\n<li>seggioloni,<\/li>\n<li>posateria e tovagliato.<\/li>\n<\/ul>\n<h3>Camera:<\/h3>\n<ul>\n<li>culle, copri prese, spondine.<\/li>\n<\/ul>\n<\/td>\n<td><a href=\"https:\/\/www.hotelnautilus.com\/wp-content\/uploads\/2015\/01\/family-riccione.jpg\"><img loading=\"lazy\" decoding=\"async\" class=\"alignright  wp-image-211\" src=\"https:\/\/www.hotelnautilus.com\/wp-content\/uploads\/2015\/01\/family-riccione.jpg\" alt=\"family-riccione\" width=\"351\" height=\"377\" \/><\/a><\/td>\n<\/tr>\n<\/tbody>\n<\/table>\n<p>&nbsp;<\/p>\n","protected":false},"excerpt":{"rendered":"<p>Des vacances pour la famille signifie avoir le temps d\u2019\u00eatre ensemble, de jouer avec les enfants, de faire des excursions et promenades et de faire du v\u00e9lo. Car si les&hellip;<\/p>\n","protected":false},"author":5,"featured_media":0,"parent":0,"menu_order":0,"comment_status":"closed","ping_status":"closed","template":"","meta":{"_acf_changed":false},"class_list":["post-247","page","type-page","status-publish","hentry"],"acf":[],"aioseo_notices":[],"_links":{"self":[{"href":"https:\/\/www.hotelnautilus.com\/fr\/wp-json\/wp\/v2\/pages\/247","targetHints":{"allow":["GET"]}}],"collection":[{"href":"https:\/\/www.hotelnautilus.com\/fr\/wp-json\/wp\/v2\/pages"}],"about":[{"href":"https:\/\/www.hotelnautilus.com\/fr\/wp-json\/wp\/v2\/types\/page"}],"author":[{"embeddable":true,"href":"https:\/\/www.hotelnautilus.com\/fr\/wp-json\/wp\/v2\/users\/5"}],"replies":[{"embeddable":true,"href":"https:\/\/www.hotelnautilus.com\/fr\/wp-json\/wp\/v2\/comments?post=247"}],"version-history":[{"count":0,"href":"https:\/\/www.hotelnautilus.com\/fr\/wp-json\/wp\/v2\/pages\/247\/revisions"}],"wp:attachment":[{"href":"https:\/\/www.hotelnautilus.com\/fr\/wp-json\/wp\/v2\/media?parent=247"}],"curies":[{"name":"wp","href":"https:\/\/api.w.org\/{rel}","templated":true}]}}