{"id":236,"date":"2015-02-02T22:41:11","date_gmt":"2015-02-02T21:41:11","guid":{"rendered":"https:\/\/www.hotelnautilus.com\/camere-2\/"},"modified":"2015-03-18T11:30:04","modified_gmt":"2015-03-18T10:30:04","slug":"chambres","status":"publish","type":"page","link":"https:\/\/www.hotelnautilus.com\/fr\/chambres\/","title":{"rendered":"Chambres"},"content":{"rendered":"<p style=\"text-align: justify;\">Tranquilles \u2013 t\u00e9l\u00e9vision, t\u00e9l\u00e9phone, s\u00e8che-cheveux \u2013 coffre-fort &#8211; balcon, climatisation.<\/p>\n<p style=\"text-align: justify;\">\n<p style=\"text-align: justify;\"><a href=\"https:\/\/www.hotelnautilus.com\/wp-content\/uploads\/2015\/02\/camera-nautilus.jpg\"><img loading=\"lazy\" decoding=\"async\" class=\"alignleft size-full wp-image-228\" src=\"https:\/\/www.hotelnautilus.com\/wp-content\/uploads\/2015\/02\/camera-nautilus.jpg\" alt=\"camera-nautilus\" width=\"1170\" height=\"384\" \/><\/a><\/p>\n","protected":false},"excerpt":{"rendered":"<p>Tranquilles \u2013 t\u00e9l\u00e9vision, t\u00e9l\u00e9phone, s\u00e8che-cheveux \u2013 coffre-fort &#8211; balcon, climatisation.<\/p>\n","protected":false},"author":5,"featured_media":0,"parent":0,"menu_order":0,"comment_status":"closed","ping_status":"closed","template":"","meta":{"_acf_changed":false},"class_list":["post-236","page","type-page","status-publish","hentry"],"acf":[],"aioseo_notices":[],"_links":{"self":[{"href":"https:\/\/www.hotelnautilus.com\/fr\/wp-json\/wp\/v2\/pages\/236","targetHints":{"allow":["GET"]}}],"collection":[{"href":"https:\/\/www.hotelnautilus.com\/fr\/wp-json\/wp\/v2\/pages"}],"about":[{"href":"https:\/\/www.hotelnautilus.com\/fr\/wp-json\/wp\/v2\/types\/page"}],"author":[{"embeddable":true,"href":"https:\/\/www.hotelnautilus.com\/fr\/wp-json\/wp\/v2\/users\/5"}],"replies":[{"embeddable":true,"href":"https:\/\/www.hotelnautilus.com\/fr\/wp-json\/wp\/v2\/comments?post=236"}],"version-history":[{"count":0,"href":"https:\/\/www.hotelnautilus.com\/fr\/wp-json\/wp\/v2\/pages\/236\/revisions"}],"wp:attachment":[{"href":"https:\/\/www.hotelnautilus.com\/fr\/wp-json\/wp\/v2\/media?parent=236"}],"curies":[{"name":"wp","href":"https:\/\/api.w.org\/{rel}","templated":true}]}}