{"id":230,"date":"2015-02-05T12:44:24","date_gmt":"2015-02-05T11:44:24","guid":{"rendered":"https:\/\/www.hotelnautilus.com\/il-miglior-hotel-1-stella-di-riccione-2\/"},"modified":"2018-07-23T18:40:03","modified_gmt":"2018-07-23T16:40:03","slug":"il-miglior-hotel-1-stella-di-riccione","status":"publish","type":"page","link":"https:\/\/www.hotelnautilus.com\/fr\/","title":{"rendered":"Hotel"},"content":{"rendered":"<p>L\u2019<strong>atmosph\u00e8re accueillante<\/strong>, le <strong>confort<\/strong>, les ressources in\u00e9puisables d\u2019une <strong>gestion attentive<\/strong> et dynamique vous garantiront <strong>un s\u00e9jour inoubliable<\/strong>.<\/p>\n<p>&nbsp;<\/p>\n\n\t\t<style type='text\/css'>\n\t\t\t#gallery-1 {\n\t\t\t\tmargin: auto;\n\t\t\t}\n\t\t\t#gallery-1 .gallery-item {\n\t\t\t\tfloat: left;\n\t\t\t\tmargin-top: 10px;\n\t\t\t\ttext-align: center;\n\t\t\t\twidth: 33%;\n\t\t\t}\n\t\t\t#gallery-1 img {\n\t\t\t\tborder: 2px solid #cfcfcf;\n\t\t\t}\n\t\t\t#gallery-1 .gallery-caption {\n\t\t\t\tmargin-left: 0;\n\t\t\t}\n\t\t\t\/* see gallery_shortcode() in wp-includes\/media.php *\/\n\t\t<\/style>\n\t\t<div id='gallery-1' class='gallery galleryid-133 gallery-columns-3 gallery-size-medium'><dl class='gallery-item'>\n\t\t\t<dt class='gallery-icon landscape'>\n\t\t\t\t<a href='https:\/\/www.hotelnautilus.com\/wp-content\/uploads\/2018\/07\/home2.jpg' data-size=\"1000x667\"><img loading=\"lazy\" decoding=\"async\" width=\"554\" height=\"452\" src=\"https:\/\/www.hotelnautilus.com\/wp-content\/uploads\/2018\/07\/home2-554x452.jpg\" class=\"attachment-medium size-medium\" alt=\"\" \/><\/a>\n\t\t\t<\/dt><\/dl><dl class='gallery-item'>\n\t\t\t<dt class='gallery-icon landscape'>\n\t\t\t\t<a href='https:\/\/www.hotelnautilus.com\/wp-content\/uploads\/2018\/07\/home1.jpg' data-size=\"1000x667\"><img loading=\"lazy\" decoding=\"async\" width=\"554\" height=\"452\" src=\"https:\/\/www.hotelnautilus.com\/wp-content\/uploads\/2018\/07\/home1-554x452.jpg\" class=\"attachment-medium size-medium\" alt=\"\" \/><\/a>\n\t\t\t<\/dt><\/dl><dl class='gallery-item'>\n\t\t\t<dt class='gallery-icon landscape'>\n\t\t\t\t<a href='https:\/\/www.hotelnautilus.com\/wp-content\/uploads\/2013\/07\/interno_zoom.jpg' data-size=\"700x467\"><img loading=\"lazy\" decoding=\"async\" width=\"554\" height=\"452\" src=\"https:\/\/www.hotelnautilus.com\/wp-content\/uploads\/2013\/07\/interno_zoom-554x452.jpg\" class=\"attachment-medium size-medium\" alt=\"\" \/><\/a>\n\t\t\t<\/dt><\/dl><br style=\"clear: both\" \/>\n\t\t<\/div>\n\n<p>&nbsp;<\/p>\n<p>Il existe deux mani\u00e8res de vivre de belles vacances \u00e0 Riccione : l\u2019une consiste \u00e0 les passer \u00e0 l\u2019h\u00f4tel Antibes, l\u2019autre \u00e0 l\u2019h\u00f4tel Nautilus.<br \/>\nVous pourriez pr\u00e9f\u00e9rer le premier au second pour la position ou la diversit\u00e9 des structures mais dans les deux cas vous ne pourriez pas \u00e9chapper aux soins prodigu\u00e9s par la famille Ciavatta qui, en trente ans d\u2019exp\u00e9rience, a compris la diff\u00e9rence entre \u00eatre choisis au hasard et en connaissance de cause.<\/p>\n<p><a href=\"https:\/\/www.hotelnautilus.com\/wp-content\/uploads\/2015\/02\/cesare-piccola.jpg\"><img loading=\"lazy\" decoding=\"async\" class=\"alignleft wp-image-216\" src=\"https:\/\/www.hotelnautilus.com\/wp-content\/uploads\/2015\/02\/cesare-piccola.jpg\" alt=\"cesare-piccola\" width=\"179\" height=\"158\" \/><\/a>La gestione della struttura poi, cos\u00ec familiare ed informale rende la conoscenza dell\u2019hotel Nautilus un esperienza sempre particolare. Dalla hall \u00e8 visibile tutta la sala da pranzo e la cosa rende un maggiore senso intimo all\u2019ambiente, il check-in all\u2019albergo durante le ore dei pasti, oltre che difficoltoso da sempre l\u2019impressione di un\u2019intrusione, ma non preoccupatevi nel giro di mezz&rsquo;ora sarete anche voi di casa.<\/p>\n<p><a href=\"https:\/\/www.hotelnautilus.com\/hotel-economico-riccione\/\"><span style=\"font-size: 10pt;\"><em>Cesare Ciavatta&#8230; \u00ab\u00a0Mi piace metterci la faccia\u00a0\u00bb<\/em><\/span><\/a><\/p>\n","protected":false},"excerpt":{"rendered":"<p>L\u2019atmosph\u00e8re accueillante, le confort, les ressources in\u00e9puisables d\u2019une gestion attentive et dynamique vous garantiront un s\u00e9jour inoubliable. &nbsp; &nbsp; Il existe deux mani\u00e8res de vivre de belles vacances \u00e0 Riccione&hellip;<\/p>\n","protected":false},"author":5,"featured_media":0,"parent":0,"menu_order":0,"comment_status":"closed","ping_status":"closed","template":"","meta":{"_acf_changed":false},"class_list":["post-230","page","type-page","status-publish","hentry"],"acf":[],"aioseo_notices":[],"_links":{"self":[{"href":"https:\/\/www.hotelnautilus.com\/fr\/wp-json\/wp\/v2\/pages\/230","targetHints":{"allow":["GET"]}}],"collection":[{"href":"https:\/\/www.hotelnautilus.com\/fr\/wp-json\/wp\/v2\/pages"}],"about":[{"href":"https:\/\/www.hotelnautilus.com\/fr\/wp-json\/wp\/v2\/types\/page"}],"author":[{"embeddable":true,"href":"https:\/\/www.hotelnautilus.com\/fr\/wp-json\/wp\/v2\/users\/5"}],"replies":[{"embeddable":true,"href":"https:\/\/www.hotelnautilus.com\/fr\/wp-json\/wp\/v2\/comments?post=230"}],"version-history":[{"count":0,"href":"https:\/\/www.hotelnautilus.com\/fr\/wp-json\/wp\/v2\/pages\/230\/revisions"}],"wp:attachment":[{"href":"https:\/\/www.hotelnautilus.com\/fr\/wp-json\/wp\/v2\/media?parent=230"}],"curies":[{"name":"wp","href":"https:\/\/api.w.org\/{rel}","templated":true}]}}