{"id":248,"date":"2015-01-29T17:22:38","date_gmt":"2015-01-29T16:22:38","guid":{"rendered":"https:\/\/www.hotelnautilus.com\/family-hotel-riccione-2\/"},"modified":"2015-03-18T12:09:59","modified_gmt":"2015-03-18T11:09:59","slug":"family-hotel-riccione","status":"publish","type":"page","link":"https:\/\/www.hotelnautilus.com\/de\/family-hotel-riccione\/","title":{"rendered":"Family Hotel Riccione"},"content":{"rendered":"<p><a href=\"https:\/\/www.hotelnautilus.com\/wp-content\/uploads\/2015\/01\/bimbi-riccione.jpg\"><img loading=\"lazy\" decoding=\"async\" class=\"alignleft  wp-image-223\" src=\"https:\/\/www.hotelnautilus.com\/wp-content\/uploads\/2015\/01\/bimbi-riccione.jpg\" alt=\"bimbi-riccione\" width=\"243\" height=\"243\" srcset=\"https:\/\/www.hotelnautilus.com\/wp-content\/uploads\/2015\/01\/bimbi-riccione.jpg 700w, https:\/\/www.hotelnautilus.com\/wp-content\/uploads\/2015\/01\/bimbi-riccione-150x150.jpg 150w\" sizes=\"auto, (max-width: 243px) 100vw, 243px\" \/><\/a>Ein Familienurlaub hei\u00dft Zeit f\u00fcrs Zusammensein zu haben, um mit den Kindern zu spielen, Ausfl\u00fcge und Spazierg\u00e4ange zu machen und Rad zu fahren. Denn wenn die Kinder zufrieden sind, geht es auch den Eltern gut.<\/p>\n<p>Der Strand von Riccione ist ideal f\u00fcr die Familie, die ihren Urlaub unbeschwert und fr\u00f6hlich verleben m\u00f6chte: er ist sauber, toll eingerichtet, imme git durch Bademeister und Rettungsschwimmer \u00fcberwacht und f\u00e4llt sanft in die klaren Wasser der Adria ab. Deshalb bietet er den Kindern&#8230;und den Erwachsenen, die mit dem Meer nicht sehr vertraut sind, die Sicherheit eines flachen Ufers.<\/p>\n<p>Das Vergn\u00fcgen setzt sich im Hotel Antibes fort. Hier organisieren wir f\u00fcr die Kleinsten Feste am Nachmittag, Schwimmkurse und Spiele im Swimming-Pool.<br \/>\nGanz zu schweigen von dem Play Station- Saal, eine Ecke ganz f\u00fcr sie allein.<\/p>\n<table style=\"height: 128px;\" width=\"775\">\n<tbody>\n<tr>\n<td>\n<h3>Servizi dedicati ai nostri piccoli ospiti:<\/h3>\n<ul>\n<li>Play station,<\/li>\n<li>Culle,<\/li>\n<li>Seggioloni,<\/li>\n<li>Posateria,<\/li>\n<li>Baby sitter a richiesta.<\/li>\n<\/ul>\n<h3>In piscina:<\/h3>\n<ul>\n<li>Corsi di nuoto e giochi<\/li>\n<\/ul>\n<\/td>\n<td>\n<h3>Ristorante:<\/h3>\n<ul>\n<li>men\u00f9 e orari speciali,<\/li>\n<li>seggioloni,<\/li>\n<li>posateria e tovagliato.<\/li>\n<\/ul>\n<h3>Camera:<\/h3>\n<ul>\n<li>culle, copri prese, spondine.<\/li>\n<\/ul>\n<\/td>\n<td><a href=\"https:\/\/www.hotelnautilus.com\/wp-content\/uploads\/2015\/01\/family-riccione.jpg\"><img loading=\"lazy\" decoding=\"async\" class=\"alignright  wp-image-211\" src=\"https:\/\/www.hotelnautilus.com\/wp-content\/uploads\/2015\/01\/family-riccione.jpg\" alt=\"family-riccione\" width=\"351\" height=\"377\" \/><\/a><\/td>\n<\/tr>\n<\/tbody>\n<\/table>\n<p>&nbsp;<\/p>\n","protected":false},"excerpt":{"rendered":"<p>Ein Familienurlaub hei\u00dft Zeit f\u00fcrs Zusammensein zu haben, um mit den Kindern zu spielen, Ausfl\u00fcge und Spazierg\u00e4ange zu machen und Rad zu fahren. Denn wenn die Kinder zufrieden sind, geht&hellip;<\/p>\n","protected":false},"author":5,"featured_media":0,"parent":0,"menu_order":0,"comment_status":"closed","ping_status":"closed","template":"","meta":{"_acf_changed":false},"class_list":["post-248","page","type-page","status-publish","hentry"],"acf":[],"aioseo_notices":[],"_links":{"self":[{"href":"https:\/\/www.hotelnautilus.com\/de\/wp-json\/wp\/v2\/pages\/248","targetHints":{"allow":["GET"]}}],"collection":[{"href":"https:\/\/www.hotelnautilus.com\/de\/wp-json\/wp\/v2\/pages"}],"about":[{"href":"https:\/\/www.hotelnautilus.com\/de\/wp-json\/wp\/v2\/types\/page"}],"author":[{"embeddable":true,"href":"https:\/\/www.hotelnautilus.com\/de\/wp-json\/wp\/v2\/users\/5"}],"replies":[{"embeddable":true,"href":"https:\/\/www.hotelnautilus.com\/de\/wp-json\/wp\/v2\/comments?post=248"}],"version-history":[{"count":0,"href":"https:\/\/www.hotelnautilus.com\/de\/wp-json\/wp\/v2\/pages\/248\/revisions"}],"wp:attachment":[{"href":"https:\/\/www.hotelnautilus.com\/de\/wp-json\/wp\/v2\/media?parent=248"}],"curies":[{"name":"wp","href":"https:\/\/api.w.org\/{rel}","templated":true}]}}