{"id":231,"date":"2015-02-05T12:44:24","date_gmt":"2015-02-05T11:44:24","guid":{"rendered":"https:\/\/www.hotelnautilus.com\/il-miglior-hotel-1-stella-di-riccione-2\/"},"modified":"2018-07-23T18:40:29","modified_gmt":"2018-07-23T16:40:29","slug":"il-miglior-hotel-1-stella-di-riccione","status":"publish","type":"page","link":"https:\/\/www.hotelnautilus.com\/de\/","title":{"rendered":"Hotel"},"content":{"rendered":"<p>Die <strong>herzliche Atmosph\u00e4re<\/strong>, der <strong>Komfort<\/strong>, die unersch\u00f6plichen Ressourcen einer aufmeksamen und <strong>dynamischen Leitung<\/strong> gew\u00e4hrleisten Ihnen einen wirklich unvergesslichen Aufentahlt.<\/p>\n<p>&nbsp;<\/p>\n\n\t\t<style type='text\/css'>\n\t\t\t#gallery-1 {\n\t\t\t\tmargin: auto;\n\t\t\t}\n\t\t\t#gallery-1 .gallery-item {\n\t\t\t\tfloat: left;\n\t\t\t\tmargin-top: 10px;\n\t\t\t\ttext-align: center;\n\t\t\t\twidth: 33%;\n\t\t\t}\n\t\t\t#gallery-1 img {\n\t\t\t\tborder: 2px solid #cfcfcf;\n\t\t\t}\n\t\t\t#gallery-1 .gallery-caption {\n\t\t\t\tmargin-left: 0;\n\t\t\t}\n\t\t\t\/* see gallery_shortcode() in wp-includes\/media.php *\/\n\t\t<\/style>\n\t\t<div id='gallery-1' class='gallery galleryid-133 gallery-columns-3 gallery-size-medium'><dl class='gallery-item'>\n\t\t\t<dt class='gallery-icon landscape'>\n\t\t\t\t<a href='https:\/\/www.hotelnautilus.com\/wp-content\/uploads\/2018\/07\/home2.jpg' data-size=\"1000x667\"><img loading=\"lazy\" decoding=\"async\" width=\"554\" height=\"452\" src=\"https:\/\/www.hotelnautilus.com\/wp-content\/uploads\/2018\/07\/home2-554x452.jpg\" class=\"attachment-medium size-medium\" alt=\"\" \/><\/a>\n\t\t\t<\/dt><\/dl><dl class='gallery-item'>\n\t\t\t<dt class='gallery-icon landscape'>\n\t\t\t\t<a href='https:\/\/www.hotelnautilus.com\/wp-content\/uploads\/2018\/07\/home1.jpg' data-size=\"1000x667\"><img loading=\"lazy\" decoding=\"async\" width=\"554\" height=\"452\" src=\"https:\/\/www.hotelnautilus.com\/wp-content\/uploads\/2018\/07\/home1-554x452.jpg\" class=\"attachment-medium size-medium\" alt=\"\" \/><\/a>\n\t\t\t<\/dt><\/dl><dl class='gallery-item'>\n\t\t\t<dt class='gallery-icon landscape'>\n\t\t\t\t<a href='https:\/\/www.hotelnautilus.com\/wp-content\/uploads\/2013\/07\/interno_zoom.jpg' data-size=\"700x467\"><img loading=\"lazy\" decoding=\"async\" width=\"554\" height=\"452\" src=\"https:\/\/www.hotelnautilus.com\/wp-content\/uploads\/2013\/07\/interno_zoom-554x452.jpg\" class=\"attachment-medium size-medium\" alt=\"\" \/><\/a>\n\t\t\t<\/dt><\/dl><br style=\"clear: both\" \/>\n\t\t<\/div>\n\n<p>&nbsp;<\/p>\n<p>Es gibt zwei M\u00f6glichkeiten, einen sch\u00f6nen Urlaub in Riccione zu verleben. Die eine M\u00f6glichkeit liegt darin, ihn im Hotel Antibes zu verbringen, die andare M\u00f6glichkeit besteht darin, ihn im Hotel Nautilus zu verleben.<br \/>\nAufgrund der unter schiedlichen Lage oder aufgrund der unterschiedlichen struktur k\u00f6nnten Sie eines der beiden Hotels bevorzugen. aber in beiden F\u00e4llen entkommen Sie nicht der F\u00fcrsorge der Familie Ciavata , die in einer drei\u00dfigj\u00e4hrigen Erfahrung den Unterschied zwischen dem &#8222;gew\u00e4hlt Werden&#8220; und dem &#8220; sich w\u00e4hlen lassen begriffen hat&#8220;.<\/p>\n<p><a href=\"https:\/\/www.hotelnautilus.com\/wp-content\/uploads\/2015\/02\/cesare-piccola.jpg\"><img loading=\"lazy\" decoding=\"async\" class=\"alignleft wp-image-216\" src=\"https:\/\/www.hotelnautilus.com\/wp-content\/uploads\/2015\/02\/cesare-piccola.jpg\" alt=\"cesare-piccola\" width=\"179\" height=\"158\" \/><\/a>La gestione della struttura poi, cos\u00ec familiare ed informale rende la conoscenza dell\u2019hotel Nautilus un esperienza sempre particolare. Dalla hall \u00e8 visibile tutta la sala da pranzo e la cosa rende un maggiore senso intimo all\u2019ambiente, il check-in all\u2019albergo durante le ore dei pasti, oltre che difficoltoso da sempre l\u2019impressione di un\u2019intrusione, ma non preoccupatevi nel giro di mezz&#8217;ora sarete anche voi di casa.<\/p>\n<p><a href=\"https:\/\/www.hotelnautilus.com\/hotel-economico-riccione\/\"><span style=\"font-size: 10pt;\"><em>Cesare Ciavatta&#8230; &#8222;Mi piace metterci la faccia&#8220;<\/em><\/span><\/a><\/p>\n","protected":false},"excerpt":{"rendered":"<p>Die herzliche Atmosph\u00e4re, der Komfort, die unersch\u00f6plichen Ressourcen einer aufmeksamen und dynamischen Leitung gew\u00e4hrleisten Ihnen einen wirklich unvergesslichen Aufentahlt. &nbsp; &nbsp; Es gibt zwei M\u00f6glichkeiten, einen sch\u00f6nen Urlaub in Riccione&hellip;<\/p>\n","protected":false},"author":5,"featured_media":0,"parent":0,"menu_order":0,"comment_status":"closed","ping_status":"closed","template":"","meta":{"_acf_changed":false},"class_list":["post-231","page","type-page","status-publish","hentry"],"acf":[],"aioseo_notices":[],"_links":{"self":[{"href":"https:\/\/www.hotelnautilus.com\/de\/wp-json\/wp\/v2\/pages\/231","targetHints":{"allow":["GET"]}}],"collection":[{"href":"https:\/\/www.hotelnautilus.com\/de\/wp-json\/wp\/v2\/pages"}],"about":[{"href":"https:\/\/www.hotelnautilus.com\/de\/wp-json\/wp\/v2\/types\/page"}],"author":[{"embeddable":true,"href":"https:\/\/www.hotelnautilus.com\/de\/wp-json\/wp\/v2\/users\/5"}],"replies":[{"embeddable":true,"href":"https:\/\/www.hotelnautilus.com\/de\/wp-json\/wp\/v2\/comments?post=231"}],"version-history":[{"count":0,"href":"https:\/\/www.hotelnautilus.com\/de\/wp-json\/wp\/v2\/pages\/231\/revisions"}],"wp:attachment":[{"href":"https:\/\/www.hotelnautilus.com\/de\/wp-json\/wp\/v2\/media?parent=231"}],"curies":[{"name":"wp","href":"https:\/\/api.w.org\/{rel}","templated":true}]}}